{"id":222,"date":"2021-11-25T13:29:22","date_gmt":"2021-11-25T12:29:22","guid":{"rendered":"https:\/\/www.sirwozniak.pl\/?page_id=222"},"modified":"2022-05-03T07:56:40","modified_gmt":"2022-05-03T05:56:40","slug":"kontakt","status":"publish","type":"page","link":"https:\/\/www.sirwozniak.pl\/index.php\/kontakt\/","title":{"rendered":"Kontakt"},"content":{"rendered":"<h3>Sport i Rekreacja Wo\u017aniak<\/h3>\n<h3>Adres<\/h3>\n<p>Sport i Rekreacja Wo\u017aniak<br \/>ul. Solskiego 14; 41-807 Zabrze<\/p>\n<h3>Telefony<\/h3>\n<p>\t\t+48 695757227 Wojciech Wo\u017aniak <br \/>+48 607340505 Aleksandra Wo\u017aniak\t\t<\/p>\n<h3>E-mail<\/h3>\n<p><a href=\"mailto:sirwozniak1@gmail.com\">sirwozniak1@gmail.com<\/a><\/p>\n<h3>Zapraszamy do kontaktu<\/h3>\n<h3>UWAGA MAMY 2 OSOBNE KONTA BANKOWE!<\/h3>\n<h3>Konto nr 1<\/h3>\n<p>\u2013 organizacja oboz\u00f3w letnich<br \/>\u2013 organizacja zimowisk<br \/>\u2013 nauka jazdy na nartach oraz nauka i doskonalenie p\u0142ywania<\/p>\n<p><b>Sport i Rekreacja Wojciech Wo\u017aniak<\/b><b><br \/><\/b><b>ul. Solskiego 14\/2 41-807 Zabrze<\/b><b><br \/><\/b><b>mBank: 73 1140 2004 0000 3802 4423 2920<\/b><b><br \/><\/b><b>NIP 6481930789<\/b><\/p>\n<h3>Konto nr 2<\/h3>\n<p>\u2013 nauka i doskonalenie p\u0142ywania<br \/>\u2013 zaj\u0119cia wspinaczki halowej dla dzieci i m\u0142odzie\u017cy<br \/>\u2013 zaj\u0119cia nordic walking dla m\u0142odzie\u017cy i doros\u0142ych<\/p>\n<p><b>Sport i Rekreacja Aleksandra Wo\u017aniak<\/b><b><br \/><\/b><b>ul. Solskiego 14\/2 41-807 Zabrze<\/b><b><br \/><\/b><b>mBank: 10 1140 2004 0000 3102 8099 2256<\/b><b><br \/><\/b><b>NIP 9541975947<\/b><\/p>\n<p>\t\t\t<iframe frameborder=\"0\" scrolling=\"no\" marginheight=\"0\" marginwidth=\"0\"\n\t\t\t\t\tsrc=\"https:\/\/maps.google.com\/maps?q=ul.%20Solskiego%2014%3B%2041-807%20Zabrze&#038;t=m&#038;z=13&#038;output=embed&#038;iwloc=near\"\n\t\t\t\t\ttitle=\"ul. Solskiego 14; 41-807 Zabrze\"\n\t\t\t\t\taria-label=\"ul. Solskiego 14; 41-807 Zabrze\"\n\t\t\t><\/iframe><\/p>\n","protected":false},"excerpt":{"rendered":"<p>Sport i Rekreacja Wo\u017aniak Adres Sport i Rekreacja Wo\u017aniakul. Solskiego 14; 41-807 Zabrze Telefony +48 695757227 Wojciech Wo\u017aniak +48 607340505 Aleksandra Wo\u017aniak E-mail sirwozniak1@gmail.com Zapraszamy do kontaktu UWAGA MAMY 2 OSOBNE KONTA BANKOWE! Konto nr 1 \u2013 organizacja oboz\u00f3w letnich\u2013 organizacja zimowisk\u2013 nauka jazdy na nartach oraz nauka i doskonalenie p\u0142ywania Sport i Rekreacja Wojciech &hellip; <\/p>\n<p class=\"link-more\"><a href=\"https:\/\/www.sirwozniak.pl\/index.php\/kontakt\/\" class=\"more-link\">Czytaj dalej<span class=\"screen-reader-text\"> \u201eKontakt\u201d<\/span><\/a><\/p>\n","protected":false},"author":1,"featured_media":0,"parent":0,"menu_order":0,"comment_status":"closed","ping_status":"closed","template":"","meta":{"footnotes":""},"class_list":["post-222","page","type-page","status-publish","hentry"],"aioseo_notices":[],"yoast_head":"<!-- This site is optimized with the Yoast SEO plugin v27.2 - https:\/\/yoast.com\/product\/yoast-seo-wordpress\/ -->\n<title>Kontakt - Sport i Rekreacja Wo\u017aniak<\/title>\n<meta name=\"robots\" content=\"index, follow, max-snippet:-1, max-image-preview:large, max-video-preview:-1\" \/>\n<link rel=\"canonical\" href=\"https:\/\/www.sirwozniak.pl\/index.php\/kontakt\/\" \/>\n<meta property=\"og:locale\" content=\"pl_PL\" \/>\n<meta property=\"og:type\" content=\"article\" \/>\n<meta property=\"og:title\" content=\"Kontakt - Sport i Rekreacja Wo\u017aniak\" \/>\n<meta property=\"og:description\" content=\"Sport i Rekreacja Wo\u017aniak Adres Sport i Rekreacja Wo\u017aniakul. Solskiego 14; 41-807 Zabrze Telefony +48 695757227 Wojciech Wo\u017aniak +48 607340505 Aleksandra Wo\u017aniak E-mail sirwozniak1@gmail.com Zapraszamy do kontaktu UWAGA MAMY 2 OSOBNE KONTA BANKOWE! Konto nr 1 \u2013 organizacja oboz\u00f3w letnich\u2013 organizacja zimowisk\u2013 nauka jazdy na nartach oraz nauka i doskonalenie p\u0142ywania Sport i Rekreacja Wojciech &hellip; Czytaj dalej \u201eKontakt\u201d\" \/>\n<meta property=\"og:url\" content=\"https:\/\/www.sirwozniak.pl\/index.php\/kontakt\/\" \/>\n<meta property=\"og:site_name\" content=\"Sport i Rekreacja Wo\u017aniak\" \/>\n<meta property=\"article:modified_time\" content=\"2022-05-03T05:56:40+00:00\" \/>\n<meta name=\"twitter:card\" content=\"summary_large_image\" \/>\n<script type=\"application\/ld+json\" class=\"yoast-schema-graph\">{\"@context\":\"https:\/\/schema.org\",\"@graph\":[{\"@type\":\"WebPage\",\"@id\":\"https:\/\/www.sirwozniak.pl\/index.php\/kontakt\/\",\"url\":\"https:\/\/www.sirwozniak.pl\/index.php\/kontakt\/\",\"name\":\"Kontakt - Sport i Rekreacja Wo\u017aniak\",\"isPartOf\":{\"@id\":\"https:\/\/www.sirwozniak.pl\/#website\"},\"datePublished\":\"2021-11-25T12:29:22+00:00\",\"dateModified\":\"2022-05-03T05:56:40+00:00\",\"breadcrumb\":{\"@id\":\"https:\/\/www.sirwozniak.pl\/index.php\/kontakt\/#breadcrumb\"},\"inLanguage\":\"pl-PL\",\"potentialAction\":[{\"@type\":\"ReadAction\",\"target\":[\"https:\/\/www.sirwozniak.pl\/index.php\/kontakt\/\"]}]},{\"@type\":\"BreadcrumbList\",\"@id\":\"https:\/\/www.sirwozniak.pl\/index.php\/kontakt\/#breadcrumb\",\"itemListElement\":[{\"@type\":\"ListItem\",\"position\":1,\"name\":\"Home\",\"item\":\"https:\/\/www.sirwozniak.pl\/\"},{\"@type\":\"ListItem\",\"position\":2,\"name\":\"Kontakt\"}]},{\"@type\":\"WebSite\",\"@id\":\"https:\/\/www.sirwozniak.pl\/#website\",\"url\":\"https:\/\/www.sirwozniak.pl\/\",\"name\":\"Sport i Rekreacja Wo\u017aniak\",\"description\":\"Sport i Rekreacja Wo\u017aniak\",\"publisher\":{\"@id\":\"https:\/\/www.sirwozniak.pl\/#organization\"},\"potentialAction\":[{\"@type\":\"SearchAction\",\"target\":{\"@type\":\"EntryPoint\",\"urlTemplate\":\"https:\/\/www.sirwozniak.pl\/?s={search_term_string}\"},\"query-input\":{\"@type\":\"PropertyValueSpecification\",\"valueRequired\":true,\"valueName\":\"search_term_string\"}}],\"inLanguage\":\"pl-PL\"},{\"@type\":\"Organization\",\"@id\":\"https:\/\/www.sirwozniak.pl\/#organization\",\"name\":\"Sport i Rekreacja Wo\u017aniak\",\"url\":\"https:\/\/www.sirwozniak.pl\/\",\"logo\":{\"@type\":\"ImageObject\",\"inLanguage\":\"pl-PL\",\"@id\":\"https:\/\/www.sirwozniak.pl\/#\/schema\/logo\/image\/\",\"url\":\"https:\/\/www.sirwozniak.pl\/wp-content\/uploads\/2021\/11\/cropped-Wozniak-logo.png\",\"contentUrl\":\"https:\/\/www.sirwozniak.pl\/wp-content\/uploads\/2021\/11\/cropped-Wozniak-logo.png\",\"width\":1047,\"height\":846,\"caption\":\"Sport i Rekreacja Wo\u017aniak\"},\"image\":{\"@id\":\"https:\/\/www.sirwozniak.pl\/#\/schema\/logo\/image\/\"}}]}<\/script>\n<!-- \/ Yoast SEO plugin. -->","yoast_head_json":{"title":"Kontakt - Sport i Rekreacja Wo\u017aniak","robots":{"index":"index","follow":"follow","max-snippet":"max-snippet:-1","max-image-preview":"max-image-preview:large","max-video-preview":"max-video-preview:-1"},"canonical":"https:\/\/www.sirwozniak.pl\/index.php\/kontakt\/","og_locale":"pl_PL","og_type":"article","og_title":"Kontakt - Sport i Rekreacja Wo\u017aniak","og_description":"Sport i Rekreacja Wo\u017aniak Adres Sport i Rekreacja Wo\u017aniakul. Solskiego 14; 41-807 Zabrze Telefony +48 695757227 Wojciech Wo\u017aniak +48 607340505 Aleksandra Wo\u017aniak E-mail sirwozniak1@gmail.com Zapraszamy do kontaktu UWAGA MAMY 2 OSOBNE KONTA BANKOWE! Konto nr 1 \u2013 organizacja oboz\u00f3w letnich\u2013 organizacja zimowisk\u2013 nauka jazdy na nartach oraz nauka i doskonalenie p\u0142ywania Sport i Rekreacja Wojciech &hellip; Czytaj dalej \u201eKontakt\u201d","og_url":"https:\/\/www.sirwozniak.pl\/index.php\/kontakt\/","og_site_name":"Sport i Rekreacja Wo\u017aniak","article_modified_time":"2022-05-03T05:56:40+00:00","twitter_card":"summary_large_image","schema":{"@context":"https:\/\/schema.org","@graph":[{"@type":"WebPage","@id":"https:\/\/www.sirwozniak.pl\/index.php\/kontakt\/","url":"https:\/\/www.sirwozniak.pl\/index.php\/kontakt\/","name":"Kontakt - Sport i Rekreacja Wo\u017aniak","isPartOf":{"@id":"https:\/\/www.sirwozniak.pl\/#website"},"datePublished":"2021-11-25T12:29:22+00:00","dateModified":"2022-05-03T05:56:40+00:00","breadcrumb":{"@id":"https:\/\/www.sirwozniak.pl\/index.php\/kontakt\/#breadcrumb"},"inLanguage":"pl-PL","potentialAction":[{"@type":"ReadAction","target":["https:\/\/www.sirwozniak.pl\/index.php\/kontakt\/"]}]},{"@type":"BreadcrumbList","@id":"https:\/\/www.sirwozniak.pl\/index.php\/kontakt\/#breadcrumb","itemListElement":[{"@type":"ListItem","position":1,"name":"Home","item":"https:\/\/www.sirwozniak.pl\/"},{"@type":"ListItem","position":2,"name":"Kontakt"}]},{"@type":"WebSite","@id":"https:\/\/www.sirwozniak.pl\/#website","url":"https:\/\/www.sirwozniak.pl\/","name":"Sport i Rekreacja Wo\u017aniak","description":"Sport i Rekreacja Wo\u017aniak","publisher":{"@id":"https:\/\/www.sirwozniak.pl\/#organization"},"potentialAction":[{"@type":"SearchAction","target":{"@type":"EntryPoint","urlTemplate":"https:\/\/www.sirwozniak.pl\/?s={search_term_string}"},"query-input":{"@type":"PropertyValueSpecification","valueRequired":true,"valueName":"search_term_string"}}],"inLanguage":"pl-PL"},{"@type":"Organization","@id":"https:\/\/www.sirwozniak.pl\/#organization","name":"Sport i Rekreacja Wo\u017aniak","url":"https:\/\/www.sirwozniak.pl\/","logo":{"@type":"ImageObject","inLanguage":"pl-PL","@id":"https:\/\/www.sirwozniak.pl\/#\/schema\/logo\/image\/","url":"https:\/\/www.sirwozniak.pl\/wp-content\/uploads\/2021\/11\/cropped-Wozniak-logo.png","contentUrl":"https:\/\/www.sirwozniak.pl\/wp-content\/uploads\/2021\/11\/cropped-Wozniak-logo.png","width":1047,"height":846,"caption":"Sport i Rekreacja Wo\u017aniak"},"image":{"@id":"https:\/\/www.sirwozniak.pl\/#\/schema\/logo\/image\/"}}]}},"_links":{"self":[{"href":"https:\/\/www.sirwozniak.pl\/index.php\/wp-json\/wp\/v2\/pages\/222","targetHints":{"allow":["GET"]}}],"collection":[{"href":"https:\/\/www.sirwozniak.pl\/index.php\/wp-json\/wp\/v2\/pages"}],"about":[{"href":"https:\/\/www.sirwozniak.pl\/index.php\/wp-json\/wp\/v2\/types\/page"}],"author":[{"embeddable":true,"href":"https:\/\/www.sirwozniak.pl\/index.php\/wp-json\/wp\/v2\/users\/1"}],"replies":[{"embeddable":true,"href":"https:\/\/www.sirwozniak.pl\/index.php\/wp-json\/wp\/v2\/comments?post=222"}],"version-history":[{"count":55,"href":"https:\/\/www.sirwozniak.pl\/index.php\/wp-json\/wp\/v2\/pages\/222\/revisions"}],"predecessor-version":[{"id":623,"href":"https:\/\/www.sirwozniak.pl\/index.php\/wp-json\/wp\/v2\/pages\/222\/revisions\/623"}],"wp:attachment":[{"href":"https:\/\/www.sirwozniak.pl\/index.php\/wp-json\/wp\/v2\/media?parent=222"}],"curies":[{"name":"wp","href":"https:\/\/api.w.org\/{rel}","templated":true}]}}