{"id":51,"date":"2021-11-19T14:35:17","date_gmt":"2021-11-19T13:35:17","guid":{"rendered":"https:\/\/www.sirwozniak.pl\/?page_id=51"},"modified":"2022-08-05T15:19:37","modified_gmt":"2022-08-05T13:19:37","slug":"szkolka-plywacka-wodnik","status":"publish","type":"page","link":"https:\/\/www.sirwozniak.pl\/index.php\/szkolka-plywacka-wodnik\/","title":{"rendered":"Szk\u00f3\u0142ka p\u0142ywacka Wodnik"},"content":{"rendered":"<h2>Szk\u00f3\u0142ka p\u0142ywacka Wodnik<\/h2>\n<p>Priorytetowym celem dzia\u0142alno\u015bci firmy jest <b>Szk\u00f3\u0142ka P\u0142ywacka Wodnik<\/b>. Prowadzimy zaj\u0119cia\u00a0 nauki i doskonalenia p\u0142ywania dla dzieci, m\u0142odzie\u017cy i doros\u0142ych. Wszystkie zaj\u0119cia prowadzone s\u0105 przez profesjonaln\u0105 kadr\u0119 instruktorsk\u0105. Nauka p\u0142ywania odbywa si\u0119 na r\u00f3\u017cnych poziomach zaawansowania:<br \/>&#8211;\u00a0 podstawowym (adaptacja do \u015brodowiska wodnego i nauki p\u0142ywania od podstaw)<br \/>&#8211;\u00a0 \u015brednim (doskonalenie p\u0142ywania wszystkimi stylami)<br \/>&#8211;\u00a0 wysokim (p\u0142ywanie sportowe).<\/p>\n<p><b>Zaj\u0119cia prowadzimy na basenach:<\/b><br \/><b>&#8211; basen Aquarius Kopernik w Zabrzu<\/b><br \/><b>&#8211; basen przy Szkole Podstawowej nr 1 w Zabrzu<\/b><\/p>\n<p>https:\/\/youtu.be\/6DnE0dqTc9w<\/p>\n<p>Szczeg\u00f3lnie dbamy o to, aby ka\u017cdy z naszych pocz\u0105tkuj\u0105cych uczni\u00f3w przeszed\u0142 etap oswojenia z wod\u0105, dzi\u0119ki kt\u00f3remu nabierze do niej zaufania.\u00a0 Zaufanie to pozwoli\u00a0 mu na swobodne poznanie wszystkich styl\u00f3w p\u0142ywackich. Uczniowie szk\u00f3\u0142ki bior\u0105 udzia\u0142 w mi\u0119dzyszkolnych zawodach p\u0142ywackich, kt\u00f3re organizuje w Zabrzu Stowarzyszenie Aktywne Zabrze oraz Grodzki Szkolny Zwi\u0105zek Sportowy. Sportowa rywalizacja maluch\u00f3w i m\u0142odzie\u017cy jest zawsze niezapomnianym prze\u017cyciem, powodem do dumy dla zwyci\u0119zc\u00f3w i ich rodzin kibic\u00f3w. To r\u00f3wnie\u017c doskona\u0142a okazja dla instruktor\u00f3w do analizy i oceny rocznych wynik\u00f3w pracy swoich podopiecznych i zastosowanych metod nauczania.<br \/><b>Instruktorzy prowadz\u0105cy zaj\u0119cia to do\u015bwiadczeni nauczyciele wychowania fizycznego i absolwenci Akademii Wychowania Fizycznego w Katowicach.<\/b><\/p>\n<p>\t\t\t\t\t\t\t\t\t\t\t\t<img decoding=\"async\" width=\"800\" height=\"503\" src=\"https:\/\/www.sirwozniak.pl\/wp-content\/uploads\/2021\/12\/Aquarius-Kopernik.jpg\" alt=\"\" loading=\"lazy\" srcset=\"https:\/\/www.sirwozniak.pl\/wp-content\/uploads\/2021\/12\/Aquarius-Kopernik.jpg 800w, https:\/\/www.sirwozniak.pl\/wp-content\/uploads\/2021\/12\/Aquarius-Kopernik-300x189.jpg 300w, https:\/\/www.sirwozniak.pl\/wp-content\/uploads\/2021\/12\/Aquarius-Kopernik-768x483.jpg 768w\" sizes=\"auto, (max-width: 800px) 100vw, 800px\" \/><br \/>\n\t\t\t<a href=\"https:\/\/www.sirwozniak.pl\/index.php\/kontakt\/\" role=\"button\"><br \/>\n\t\t\t\t\t\tZapraszamy do kontaktu<br \/>\n\t\t\t\t\t<\/a><\/p>\n<p><strong><em>AQUARIUS Kopernik w Zabrzu Al. Korfantego 18<\/em><\/strong><br \/><strong><em>Dni i godziny zaj\u0119\u0107:<\/em><\/strong><br \/><strong>Poniedzia\u0142ek<\/strong><\/p>\n<p>18:00 \u2013 Nauka i doskonalenie p\u0142ywania dla dzieci i m\u0142odzie\u017cy (basen sportowy)<\/p>\n<p>19:00 \u2013 Nauka i doskonalenie p\u0142ywania dla dzieci i m\u0142odzie\u017cy (basen sportowy)<\/p>\n<p><strong>Wtorek<\/strong><\/p>\n<p>17:00 \u2013 Nauka p\u0142ywania dla dzieci (basen rekreacyjny)<\/p>\n<p>18:00 \u2013 Nauka p\u0142ywania dla dzieci (basen rekreacyjny)<\/p>\n<p>19:00 \u2013 Nauka i doskonalenie p\u0142ywania dla dzieci i m\u0142odzie\u017cy (basen sportowy)<\/p>\n<p><strong>\u015aroda<\/strong><\/p>\n<p>19:00 \u2013 Nauka i doskonalenie p\u0142ywania dla dzieci i m\u0142odzie\u017cy (basen sportowy)<\/p>\n<p>20:00 \u2013 Nauka i doskonalenie p\u0142ywania dla doros\u0142ych (basen sportowy)<\/p>\n<p><strong>Czwartek<\/strong><\/p>\n<p>18:00 \u2013 Nauka i doskonalenie p\u0142ywania dla dzieci i m\u0142odzie\u017cy (basen sportowy)<\/p>\n<p><strong>Sobota<\/strong><\/p>\n<p>12.00 &#8211; Nauka o doskonalenie p\u0142ywania dla dzieci i m\u0142odzie\u017cy (basen sportowy<\/p>\n<p>13:00 \u2013 Nauka p\u0142ywania dla dzieci (basen rekreacyjny)<\/p>\n<p>\u00a0<\/p>\n<p>\t\t\t\t\t\t\t\t\t\t\t\t<img decoding=\"async\" width=\"1024\" height=\"659\" src=\"https:\/\/www.sirwozniak.pl\/wp-content\/uploads\/2021\/12\/Basen-SP-1-Zabrze-1024x659.jpg\" alt=\"\" loading=\"lazy\" srcset=\"https:\/\/www.sirwozniak.pl\/wp-content\/uploads\/2021\/12\/Basen-SP-1-Zabrze-1024x659.jpg 1024w, https:\/\/www.sirwozniak.pl\/wp-content\/uploads\/2021\/12\/Basen-SP-1-Zabrze-300x193.jpg 300w, https:\/\/www.sirwozniak.pl\/wp-content\/uploads\/2021\/12\/Basen-SP-1-Zabrze-768x494.jpg 768w, https:\/\/www.sirwozniak.pl\/wp-content\/uploads\/2021\/12\/Basen-SP-1-Zabrze-1536x989.jpg 1536w, https:\/\/www.sirwozniak.pl\/wp-content\/uploads\/2021\/12\/Basen-SP-1-Zabrze.jpg 1600w\" sizes=\"auto, (max-width: 1024px) 100vw, 1024px\" \/><br \/>\n\t\t\t<a href=\"https:\/\/www.sirwozniak.pl\/index.php\/kontakt\/\" role=\"button\"><br \/>\n\t\t\t\t\t\tZapraszamy do kontaktu<br \/>\n\t\t\t\t\t<\/a><\/p>\n<p>Basen SP 1 w Zabrzu ul. Sportowa 5<br \/>Dni i godziny zaj\u0119\u0107<br \/>Pi\u0105tek<br \/>17:00 \u2013 Nauka i doskonalenie p\u0142ywania dla dzieci i m\u0142odzie\u017cy.<br \/>18:00 \u2013 Nauka i doskonalenie p\u0142ywania dla dzieci i m\u0142odzie\u017cy.<\/p>\n","protected":false},"excerpt":{"rendered":"<p>Szk\u00f3\u0142ka p\u0142ywacka Wodnik Priorytetowym celem dzia\u0142alno\u015bci firmy jest Szk\u00f3\u0142ka P\u0142ywacka Wodnik. Prowadzimy zaj\u0119cia\u00a0 nauki i doskonalenia p\u0142ywania dla dzieci, m\u0142odzie\u017cy i doros\u0142ych. Wszystkie zaj\u0119cia prowadzone s\u0105 przez profesjonaln\u0105 kadr\u0119 instruktorsk\u0105. Nauka p\u0142ywania odbywa si\u0119 na r\u00f3\u017cnych poziomach zaawansowania:&#8211;\u00a0 podstawowym (adaptacja do \u015brodowiska wodnego i nauki p\u0142ywania od podstaw)&#8211;\u00a0 \u015brednim (doskonalenie p\u0142ywania wszystkimi stylami)&#8211;\u00a0 wysokim (p\u0142ywanie &hellip; <\/p>\n<p class=\"link-more\"><a href=\"https:\/\/www.sirwozniak.pl\/index.php\/szkolka-plywacka-wodnik\/\" class=\"more-link\">Czytaj dalej<span class=\"screen-reader-text\"> \u201eSzk\u00f3\u0142ka p\u0142ywacka Wodnik\u201d<\/span><\/a><\/p>\n","protected":false},"author":1,"featured_media":0,"parent":0,"menu_order":0,"comment_status":"closed","ping_status":"open","template":"elementor_header_footer","meta":{"footnotes":""},"class_list":["post-51","page","type-page","status-publish","hentry"],"aioseo_notices":[],"yoast_head":"<!-- This site is optimized with the Yoast SEO plugin v27.2 - https:\/\/yoast.com\/product\/yoast-seo-wordpress\/ -->\n<title>Szk\u00f3\u0142ka p\u0142ywacka Wodnik - Sport i Rekreacja Wo\u017aniak<\/title>\n<meta name=\"robots\" content=\"index, follow, max-snippet:-1, max-image-preview:large, max-video-preview:-1\" \/>\n<link rel=\"canonical\" href=\"https:\/\/www.sirwozniak.pl\/index.php\/szkolka-plywacka-wodnik\/\" \/>\n<meta property=\"og:locale\" content=\"pl_PL\" \/>\n<meta property=\"og:type\" content=\"article\" \/>\n<meta property=\"og:title\" content=\"Szk\u00f3\u0142ka p\u0142ywacka Wodnik - Sport i Rekreacja Wo\u017aniak\" \/>\n<meta property=\"og:description\" content=\"Szk\u00f3\u0142ka p\u0142ywacka Wodnik Priorytetowym celem dzia\u0142alno\u015bci firmy jest Szk\u00f3\u0142ka P\u0142ywacka Wodnik. Prowadzimy zaj\u0119cia\u00a0 nauki i doskonalenia p\u0142ywania dla dzieci, m\u0142odzie\u017cy i doros\u0142ych. Wszystkie zaj\u0119cia prowadzone s\u0105 przez profesjonaln\u0105 kadr\u0119 instruktorsk\u0105. Nauka p\u0142ywania odbywa si\u0119 na r\u00f3\u017cnych poziomach zaawansowania:&#8211;\u00a0 podstawowym (adaptacja do \u015brodowiska wodnego i nauki p\u0142ywania od podstaw)&#8211;\u00a0 \u015brednim (doskonalenie p\u0142ywania wszystkimi stylami)&#8211;\u00a0 wysokim (p\u0142ywanie &hellip; Czytaj dalej \u201eSzk\u00f3\u0142ka p\u0142ywacka Wodnik\u201d\" \/>\n<meta property=\"og:url\" content=\"https:\/\/www.sirwozniak.pl\/index.php\/szkolka-plywacka-wodnik\/\" \/>\n<meta property=\"og:site_name\" content=\"Sport i Rekreacja Wo\u017aniak\" \/>\n<meta property=\"article:modified_time\" content=\"2022-08-05T13:19:37+00:00\" \/>\n<meta property=\"og:image\" content=\"https:\/\/www.sirwozniak.pl\/wp-content\/uploads\/2021\/12\/Aquarius-Kopernik.jpg\" \/>\n<meta name=\"twitter:card\" content=\"summary_large_image\" \/>\n<meta name=\"twitter:label1\" content=\"Szacowany czas czytania\" \/>\n\t<meta name=\"twitter:data1\" content=\"2 minuty\" \/>\n<script type=\"application\/ld+json\" class=\"yoast-schema-graph\">{\"@context\":\"https:\/\/schema.org\",\"@graph\":[{\"@type\":\"WebPage\",\"@id\":\"https:\/\/www.sirwozniak.pl\/index.php\/szkolka-plywacka-wodnik\/\",\"url\":\"https:\/\/www.sirwozniak.pl\/index.php\/szkolka-plywacka-wodnik\/\",\"name\":\"Szk\u00f3\u0142ka p\u0142ywacka Wodnik - Sport i Rekreacja Wo\u017aniak\",\"isPartOf\":{\"@id\":\"https:\/\/www.sirwozniak.pl\/#website\"},\"primaryImageOfPage\":{\"@id\":\"https:\/\/www.sirwozniak.pl\/index.php\/szkolka-plywacka-wodnik\/#primaryimage\"},\"image\":{\"@id\":\"https:\/\/www.sirwozniak.pl\/index.php\/szkolka-plywacka-wodnik\/#primaryimage\"},\"thumbnailUrl\":\"https:\/\/www.sirwozniak.pl\/wp-content\/uploads\/2021\/12\/Aquarius-Kopernik.jpg\",\"datePublished\":\"2021-11-19T13:35:17+00:00\",\"dateModified\":\"2022-08-05T13:19:37+00:00\",\"breadcrumb\":{\"@id\":\"https:\/\/www.sirwozniak.pl\/index.php\/szkolka-plywacka-wodnik\/#breadcrumb\"},\"inLanguage\":\"pl-PL\",\"potentialAction\":[{\"@type\":\"ReadAction\",\"target\":[\"https:\/\/www.sirwozniak.pl\/index.php\/szkolka-plywacka-wodnik\/\"]}]},{\"@type\":\"ImageObject\",\"inLanguage\":\"pl-PL\",\"@id\":\"https:\/\/www.sirwozniak.pl\/index.php\/szkolka-plywacka-wodnik\/#primaryimage\",\"url\":\"https:\/\/www.sirwozniak.pl\/wp-content\/uploads\/2021\/12\/Aquarius-Kopernik.jpg\",\"contentUrl\":\"https:\/\/www.sirwozniak.pl\/wp-content\/uploads\/2021\/12\/Aquarius-Kopernik.jpg\",\"width\":800,\"height\":503},{\"@type\":\"BreadcrumbList\",\"@id\":\"https:\/\/www.sirwozniak.pl\/index.php\/szkolka-plywacka-wodnik\/#breadcrumb\",\"itemListElement\":[{\"@type\":\"ListItem\",\"position\":1,\"name\":\"Home\",\"item\":\"https:\/\/www.sirwozniak.pl\/\"},{\"@type\":\"ListItem\",\"position\":2,\"name\":\"Szk\u00f3\u0142ka p\u0142ywacka Wodnik\"}]},{\"@type\":\"WebSite\",\"@id\":\"https:\/\/www.sirwozniak.pl\/#website\",\"url\":\"https:\/\/www.sirwozniak.pl\/\",\"name\":\"Sport i Rekreacja Wo\u017aniak\",\"description\":\"Sport i Rekreacja Wo\u017aniak\",\"publisher\":{\"@id\":\"https:\/\/www.sirwozniak.pl\/#organization\"},\"potentialAction\":[{\"@type\":\"SearchAction\",\"target\":{\"@type\":\"EntryPoint\",\"urlTemplate\":\"https:\/\/www.sirwozniak.pl\/?s={search_term_string}\"},\"query-input\":{\"@type\":\"PropertyValueSpecification\",\"valueRequired\":true,\"valueName\":\"search_term_string\"}}],\"inLanguage\":\"pl-PL\"},{\"@type\":\"Organization\",\"@id\":\"https:\/\/www.sirwozniak.pl\/#organization\",\"name\":\"Sport i Rekreacja Wo\u017aniak\",\"url\":\"https:\/\/www.sirwozniak.pl\/\",\"logo\":{\"@type\":\"ImageObject\",\"inLanguage\":\"pl-PL\",\"@id\":\"https:\/\/www.sirwozniak.pl\/#\/schema\/logo\/image\/\",\"url\":\"https:\/\/www.sirwozniak.pl\/wp-content\/uploads\/2021\/11\/cropped-Wozniak-logo.png\",\"contentUrl\":\"https:\/\/www.sirwozniak.pl\/wp-content\/uploads\/2021\/11\/cropped-Wozniak-logo.png\",\"width\":1047,\"height\":846,\"caption\":\"Sport i Rekreacja Wo\u017aniak\"},\"image\":{\"@id\":\"https:\/\/www.sirwozniak.pl\/#\/schema\/logo\/image\/\"}}]}<\/script>\n<!-- \/ Yoast SEO plugin. -->","yoast_head_json":{"title":"Szk\u00f3\u0142ka p\u0142ywacka Wodnik - Sport i Rekreacja Wo\u017aniak","robots":{"index":"index","follow":"follow","max-snippet":"max-snippet:-1","max-image-preview":"max-image-preview:large","max-video-preview":"max-video-preview:-1"},"canonical":"https:\/\/www.sirwozniak.pl\/index.php\/szkolka-plywacka-wodnik\/","og_locale":"pl_PL","og_type":"article","og_title":"Szk\u00f3\u0142ka p\u0142ywacka Wodnik - Sport i Rekreacja Wo\u017aniak","og_description":"Szk\u00f3\u0142ka p\u0142ywacka Wodnik Priorytetowym celem dzia\u0142alno\u015bci firmy jest Szk\u00f3\u0142ka P\u0142ywacka Wodnik. Prowadzimy zaj\u0119cia\u00a0 nauki i doskonalenia p\u0142ywania dla dzieci, m\u0142odzie\u017cy i doros\u0142ych. Wszystkie zaj\u0119cia prowadzone s\u0105 przez profesjonaln\u0105 kadr\u0119 instruktorsk\u0105. Nauka p\u0142ywania odbywa si\u0119 na r\u00f3\u017cnych poziomach zaawansowania:&#8211;\u00a0 podstawowym (adaptacja do \u015brodowiska wodnego i nauki p\u0142ywania od podstaw)&#8211;\u00a0 \u015brednim (doskonalenie p\u0142ywania wszystkimi stylami)&#8211;\u00a0 wysokim (p\u0142ywanie &hellip; Czytaj dalej \u201eSzk\u00f3\u0142ka p\u0142ywacka Wodnik\u201d","og_url":"https:\/\/www.sirwozniak.pl\/index.php\/szkolka-plywacka-wodnik\/","og_site_name":"Sport i Rekreacja Wo\u017aniak","article_modified_time":"2022-08-05T13:19:37+00:00","og_image":[{"url":"https:\/\/www.sirwozniak.pl\/wp-content\/uploads\/2021\/12\/Aquarius-Kopernik.jpg","type":"","width":"","height":""}],"twitter_card":"summary_large_image","twitter_misc":{"Szacowany czas czytania":"2 minuty"},"schema":{"@context":"https:\/\/schema.org","@graph":[{"@type":"WebPage","@id":"https:\/\/www.sirwozniak.pl\/index.php\/szkolka-plywacka-wodnik\/","url":"https:\/\/www.sirwozniak.pl\/index.php\/szkolka-plywacka-wodnik\/","name":"Szk\u00f3\u0142ka p\u0142ywacka Wodnik - Sport i Rekreacja Wo\u017aniak","isPartOf":{"@id":"https:\/\/www.sirwozniak.pl\/#website"},"primaryImageOfPage":{"@id":"https:\/\/www.sirwozniak.pl\/index.php\/szkolka-plywacka-wodnik\/#primaryimage"},"image":{"@id":"https:\/\/www.sirwozniak.pl\/index.php\/szkolka-plywacka-wodnik\/#primaryimage"},"thumbnailUrl":"https:\/\/www.sirwozniak.pl\/wp-content\/uploads\/2021\/12\/Aquarius-Kopernik.jpg","datePublished":"2021-11-19T13:35:17+00:00","dateModified":"2022-08-05T13:19:37+00:00","breadcrumb":{"@id":"https:\/\/www.sirwozniak.pl\/index.php\/szkolka-plywacka-wodnik\/#breadcrumb"},"inLanguage":"pl-PL","potentialAction":[{"@type":"ReadAction","target":["https:\/\/www.sirwozniak.pl\/index.php\/szkolka-plywacka-wodnik\/"]}]},{"@type":"ImageObject","inLanguage":"pl-PL","@id":"https:\/\/www.sirwozniak.pl\/index.php\/szkolka-plywacka-wodnik\/#primaryimage","url":"https:\/\/www.sirwozniak.pl\/wp-content\/uploads\/2021\/12\/Aquarius-Kopernik.jpg","contentUrl":"https:\/\/www.sirwozniak.pl\/wp-content\/uploads\/2021\/12\/Aquarius-Kopernik.jpg","width":800,"height":503},{"@type":"BreadcrumbList","@id":"https:\/\/www.sirwozniak.pl\/index.php\/szkolka-plywacka-wodnik\/#breadcrumb","itemListElement":[{"@type":"ListItem","position":1,"name":"Home","item":"https:\/\/www.sirwozniak.pl\/"},{"@type":"ListItem","position":2,"name":"Szk\u00f3\u0142ka p\u0142ywacka Wodnik"}]},{"@type":"WebSite","@id":"https:\/\/www.sirwozniak.pl\/#website","url":"https:\/\/www.sirwozniak.pl\/","name":"Sport i Rekreacja Wo\u017aniak","description":"Sport i Rekreacja Wo\u017aniak","publisher":{"@id":"https:\/\/www.sirwozniak.pl\/#organization"},"potentialAction":[{"@type":"SearchAction","target":{"@type":"EntryPoint","urlTemplate":"https:\/\/www.sirwozniak.pl\/?s={search_term_string}"},"query-input":{"@type":"PropertyValueSpecification","valueRequired":true,"valueName":"search_term_string"}}],"inLanguage":"pl-PL"},{"@type":"Organization","@id":"https:\/\/www.sirwozniak.pl\/#organization","name":"Sport i Rekreacja Wo\u017aniak","url":"https:\/\/www.sirwozniak.pl\/","logo":{"@type":"ImageObject","inLanguage":"pl-PL","@id":"https:\/\/www.sirwozniak.pl\/#\/schema\/logo\/image\/","url":"https:\/\/www.sirwozniak.pl\/wp-content\/uploads\/2021\/11\/cropped-Wozniak-logo.png","contentUrl":"https:\/\/www.sirwozniak.pl\/wp-content\/uploads\/2021\/11\/cropped-Wozniak-logo.png","width":1047,"height":846,"caption":"Sport i Rekreacja Wo\u017aniak"},"image":{"@id":"https:\/\/www.sirwozniak.pl\/#\/schema\/logo\/image\/"}}]}},"_links":{"self":[{"href":"https:\/\/www.sirwozniak.pl\/index.php\/wp-json\/wp\/v2\/pages\/51","targetHints":{"allow":["GET"]}}],"collection":[{"href":"https:\/\/www.sirwozniak.pl\/index.php\/wp-json\/wp\/v2\/pages"}],"about":[{"href":"https:\/\/www.sirwozniak.pl\/index.php\/wp-json\/wp\/v2\/types\/page"}],"author":[{"embeddable":true,"href":"https:\/\/www.sirwozniak.pl\/index.php\/wp-json\/wp\/v2\/users\/1"}],"replies":[{"embeddable":true,"href":"https:\/\/www.sirwozniak.pl\/index.php\/wp-json\/wp\/v2\/comments?post=51"}],"version-history":[{"count":61,"href":"https:\/\/www.sirwozniak.pl\/index.php\/wp-json\/wp\/v2\/pages\/51\/revisions"}],"predecessor-version":[{"id":650,"href":"https:\/\/www.sirwozniak.pl\/index.php\/wp-json\/wp\/v2\/pages\/51\/revisions\/650"}],"wp:attachment":[{"href":"https:\/\/www.sirwozniak.pl\/index.php\/wp-json\/wp\/v2\/media?parent=51"}],"curies":[{"name":"wp","href":"https:\/\/api.w.org\/{rel}","templated":true}]}}