{"id":62,"date":"2021-11-19T14:57:22","date_gmt":"2021-11-19T13:57:22","guid":{"rendered":"https:\/\/www.sirwozniak.pl\/?page_id=62"},"modified":"2022-04-23T17:52:40","modified_gmt":"2022-04-23T15:52:40","slug":"obozy-zimowe","status":"publish","type":"page","link":"https:\/\/www.sirwozniak.pl\/index.php\/obozy-zimowe\/","title":{"rendered":"Obozy zimowe"},"content":{"rendered":"<h2>Obozy zimowe<\/h2>\n<p>Jak zima, to tylko na nartach i tylko z Wasz\u0105 ulubion\u0105, wykwalifikowan\u0105 kadr\u0105 instruktor\u00f3w narciarstwa.<\/p>\n<p>Organizujemy obozy narciarskie dla dzieci i m\u0142odzie\u017cy ju\u017c od 1997r. Bia\u0142y Dunajec, Zakopane, Bukowina Tatrza\u0144ska, Poronin to miejscowo\u015bci w kt\u00f3rych je\u017adzili\u015bmy!!!<\/p>\n<p>Najlepsze stoki s\u0105 w\u0142a\u015bnie tutaj &#8211; szkolenie codziennie, a potem wielka dawka przyg\u00f3d! To wszystko po\u0142\u0105czone z prawdziwym relaksem w fantastycznym Aquaparku Termy Bukowina i co roku nowymi niespodziankami w programie!\u00a0<\/p>\n<p>B\u0119dzie ciekawie, b\u0119dzie si\u0119 dzia\u0142o i jak zwykle nie b\u0119dziecie chcieli wraca\u0107 do domu. Zapraszamy!<\/p>\n<p>https:\/\/youtu.be\/B4fTpRZFT5khttps:\/\/youtu.be\/ZOVDbrHaNrkhttps:\/\/youtu.be\/KgvkNgyQ2Uk<br \/>\n\t\t\t<a href=\"https:\/\/www.sirwozniak.pl\/index.php\/kontakt\/\" role=\"button\"><br \/>\n\t\t\t\t\t\tZapraszamy do kontaktu<br \/>\n\t\t\t\t\t<\/a><\/p>\n","protected":false},"excerpt":{"rendered":"<p>Obozy zimowe Jak zima, to tylko na nartach i tylko z Wasz\u0105 ulubion\u0105, wykwalifikowan\u0105 kadr\u0105 instruktor\u00f3w narciarstwa. Organizujemy obozy narciarskie dla dzieci i m\u0142odzie\u017cy ju\u017c od 1997r. Bia\u0142y Dunajec, Zakopane, Bukowina Tatrza\u0144ska, Poronin to miejscowo\u015bci w kt\u00f3rych je\u017adzili\u015bmy!!! Najlepsze stoki s\u0105 w\u0142a\u015bnie tutaj &#8211; szkolenie codziennie, a potem wielka dawka przyg\u00f3d! To wszystko po\u0142\u0105czone z &hellip; <\/p>\n<p class=\"link-more\"><a href=\"https:\/\/www.sirwozniak.pl\/index.php\/obozy-zimowe\/\" class=\"more-link\">Czytaj dalej<span class=\"screen-reader-text\"> \u201eObozy zimowe\u201d<\/span><\/a><\/p>\n","protected":false},"author":1,"featured_media":0,"parent":0,"menu_order":0,"comment_status":"closed","ping_status":"closed","template":"elementor_header_footer","meta":{"footnotes":""},"class_list":["post-62","page","type-page","status-publish","hentry"],"aioseo_notices":[],"yoast_head":"<!-- This site is optimized with the Yoast SEO plugin v27.2 - https:\/\/yoast.com\/product\/yoast-seo-wordpress\/ -->\n<title>Obozy zimowe - Sport i Rekreacja Wo\u017aniak<\/title>\n<meta name=\"robots\" content=\"index, follow, max-snippet:-1, max-image-preview:large, max-video-preview:-1\" \/>\n<link rel=\"canonical\" href=\"https:\/\/www.sirwozniak.pl\/index.php\/obozy-zimowe\/\" \/>\n<meta property=\"og:locale\" content=\"pl_PL\" \/>\n<meta property=\"og:type\" content=\"article\" \/>\n<meta property=\"og:title\" content=\"Obozy zimowe - Sport i Rekreacja Wo\u017aniak\" \/>\n<meta property=\"og:description\" content=\"Obozy zimowe Jak zima, to tylko na nartach i tylko z Wasz\u0105 ulubion\u0105, wykwalifikowan\u0105 kadr\u0105 instruktor\u00f3w narciarstwa. Organizujemy obozy narciarskie dla dzieci i m\u0142odzie\u017cy ju\u017c od 1997r. Bia\u0142y Dunajec, Zakopane, Bukowina Tatrza\u0144ska, Poronin to miejscowo\u015bci w kt\u00f3rych je\u017adzili\u015bmy!!! Najlepsze stoki s\u0105 w\u0142a\u015bnie tutaj &#8211; szkolenie codziennie, a potem wielka dawka przyg\u00f3d! To wszystko po\u0142\u0105czone z &hellip; Czytaj dalej \u201eObozy zimowe\u201d\" \/>\n<meta property=\"og:url\" content=\"https:\/\/www.sirwozniak.pl\/index.php\/obozy-zimowe\/\" \/>\n<meta property=\"og:site_name\" content=\"Sport i Rekreacja Wo\u017aniak\" \/>\n<meta property=\"article:modified_time\" content=\"2022-04-23T15:52:40+00:00\" \/>\n<meta name=\"twitter:card\" content=\"summary_large_image\" \/>\n<meta name=\"twitter:label1\" content=\"Szacowany czas czytania\" \/>\n\t<meta name=\"twitter:data1\" content=\"1 minuta\" \/>\n<script type=\"application\/ld+json\" class=\"yoast-schema-graph\">{\"@context\":\"https:\/\/schema.org\",\"@graph\":[{\"@type\":\"WebPage\",\"@id\":\"https:\/\/www.sirwozniak.pl\/index.php\/obozy-zimowe\/\",\"url\":\"https:\/\/www.sirwozniak.pl\/index.php\/obozy-zimowe\/\",\"name\":\"Obozy zimowe - Sport i Rekreacja Wo\u017aniak\",\"isPartOf\":{\"@id\":\"https:\/\/www.sirwozniak.pl\/#website\"},\"datePublished\":\"2021-11-19T13:57:22+00:00\",\"dateModified\":\"2022-04-23T15:52:40+00:00\",\"breadcrumb\":{\"@id\":\"https:\/\/www.sirwozniak.pl\/index.php\/obozy-zimowe\/#breadcrumb\"},\"inLanguage\":\"pl-PL\",\"potentialAction\":[{\"@type\":\"ReadAction\",\"target\":[\"https:\/\/www.sirwozniak.pl\/index.php\/obozy-zimowe\/\"]}]},{\"@type\":\"BreadcrumbList\",\"@id\":\"https:\/\/www.sirwozniak.pl\/index.php\/obozy-zimowe\/#breadcrumb\",\"itemListElement\":[{\"@type\":\"ListItem\",\"position\":1,\"name\":\"Home\",\"item\":\"https:\/\/www.sirwozniak.pl\/\"},{\"@type\":\"ListItem\",\"position\":2,\"name\":\"Obozy zimowe\"}]},{\"@type\":\"WebSite\",\"@id\":\"https:\/\/www.sirwozniak.pl\/#website\",\"url\":\"https:\/\/www.sirwozniak.pl\/\",\"name\":\"Sport i Rekreacja Wo\u017aniak\",\"description\":\"Sport i Rekreacja Wo\u017aniak\",\"publisher\":{\"@id\":\"https:\/\/www.sirwozniak.pl\/#organization\"},\"potentialAction\":[{\"@type\":\"SearchAction\",\"target\":{\"@type\":\"EntryPoint\",\"urlTemplate\":\"https:\/\/www.sirwozniak.pl\/?s={search_term_string}\"},\"query-input\":{\"@type\":\"PropertyValueSpecification\",\"valueRequired\":true,\"valueName\":\"search_term_string\"}}],\"inLanguage\":\"pl-PL\"},{\"@type\":\"Organization\",\"@id\":\"https:\/\/www.sirwozniak.pl\/#organization\",\"name\":\"Sport i Rekreacja Wo\u017aniak\",\"url\":\"https:\/\/www.sirwozniak.pl\/\",\"logo\":{\"@type\":\"ImageObject\",\"inLanguage\":\"pl-PL\",\"@id\":\"https:\/\/www.sirwozniak.pl\/#\/schema\/logo\/image\/\",\"url\":\"https:\/\/www.sirwozniak.pl\/wp-content\/uploads\/2021\/11\/cropped-Wozniak-logo.png\",\"contentUrl\":\"https:\/\/www.sirwozniak.pl\/wp-content\/uploads\/2021\/11\/cropped-Wozniak-logo.png\",\"width\":1047,\"height\":846,\"caption\":\"Sport i Rekreacja Wo\u017aniak\"},\"image\":{\"@id\":\"https:\/\/www.sirwozniak.pl\/#\/schema\/logo\/image\/\"}}]}<\/script>\n<!-- \/ Yoast SEO plugin. -->","yoast_head_json":{"title":"Obozy zimowe - Sport i Rekreacja Wo\u017aniak","robots":{"index":"index","follow":"follow","max-snippet":"max-snippet:-1","max-image-preview":"max-image-preview:large","max-video-preview":"max-video-preview:-1"},"canonical":"https:\/\/www.sirwozniak.pl\/index.php\/obozy-zimowe\/","og_locale":"pl_PL","og_type":"article","og_title":"Obozy zimowe - Sport i Rekreacja Wo\u017aniak","og_description":"Obozy zimowe Jak zima, to tylko na nartach i tylko z Wasz\u0105 ulubion\u0105, wykwalifikowan\u0105 kadr\u0105 instruktor\u00f3w narciarstwa. Organizujemy obozy narciarskie dla dzieci i m\u0142odzie\u017cy ju\u017c od 1997r. Bia\u0142y Dunajec, Zakopane, Bukowina Tatrza\u0144ska, Poronin to miejscowo\u015bci w kt\u00f3rych je\u017adzili\u015bmy!!! Najlepsze stoki s\u0105 w\u0142a\u015bnie tutaj &#8211; szkolenie codziennie, a potem wielka dawka przyg\u00f3d! To wszystko po\u0142\u0105czone z &hellip; Czytaj dalej \u201eObozy zimowe\u201d","og_url":"https:\/\/www.sirwozniak.pl\/index.php\/obozy-zimowe\/","og_site_name":"Sport i Rekreacja Wo\u017aniak","article_modified_time":"2022-04-23T15:52:40+00:00","twitter_card":"summary_large_image","twitter_misc":{"Szacowany czas czytania":"1 minuta"},"schema":{"@context":"https:\/\/schema.org","@graph":[{"@type":"WebPage","@id":"https:\/\/www.sirwozniak.pl\/index.php\/obozy-zimowe\/","url":"https:\/\/www.sirwozniak.pl\/index.php\/obozy-zimowe\/","name":"Obozy zimowe - Sport i Rekreacja Wo\u017aniak","isPartOf":{"@id":"https:\/\/www.sirwozniak.pl\/#website"},"datePublished":"2021-11-19T13:57:22+00:00","dateModified":"2022-04-23T15:52:40+00:00","breadcrumb":{"@id":"https:\/\/www.sirwozniak.pl\/index.php\/obozy-zimowe\/#breadcrumb"},"inLanguage":"pl-PL","potentialAction":[{"@type":"ReadAction","target":["https:\/\/www.sirwozniak.pl\/index.php\/obozy-zimowe\/"]}]},{"@type":"BreadcrumbList","@id":"https:\/\/www.sirwozniak.pl\/index.php\/obozy-zimowe\/#breadcrumb","itemListElement":[{"@type":"ListItem","position":1,"name":"Home","item":"https:\/\/www.sirwozniak.pl\/"},{"@type":"ListItem","position":2,"name":"Obozy zimowe"}]},{"@type":"WebSite","@id":"https:\/\/www.sirwozniak.pl\/#website","url":"https:\/\/www.sirwozniak.pl\/","name":"Sport i Rekreacja Wo\u017aniak","description":"Sport i Rekreacja Wo\u017aniak","publisher":{"@id":"https:\/\/www.sirwozniak.pl\/#organization"},"potentialAction":[{"@type":"SearchAction","target":{"@type":"EntryPoint","urlTemplate":"https:\/\/www.sirwozniak.pl\/?s={search_term_string}"},"query-input":{"@type":"PropertyValueSpecification","valueRequired":true,"valueName":"search_term_string"}}],"inLanguage":"pl-PL"},{"@type":"Organization","@id":"https:\/\/www.sirwozniak.pl\/#organization","name":"Sport i Rekreacja Wo\u017aniak","url":"https:\/\/www.sirwozniak.pl\/","logo":{"@type":"ImageObject","inLanguage":"pl-PL","@id":"https:\/\/www.sirwozniak.pl\/#\/schema\/logo\/image\/","url":"https:\/\/www.sirwozniak.pl\/wp-content\/uploads\/2021\/11\/cropped-Wozniak-logo.png","contentUrl":"https:\/\/www.sirwozniak.pl\/wp-content\/uploads\/2021\/11\/cropped-Wozniak-logo.png","width":1047,"height":846,"caption":"Sport i Rekreacja Wo\u017aniak"},"image":{"@id":"https:\/\/www.sirwozniak.pl\/#\/schema\/logo\/image\/"}}]}},"_links":{"self":[{"href":"https:\/\/www.sirwozniak.pl\/index.php\/wp-json\/wp\/v2\/pages\/62","targetHints":{"allow":["GET"]}}],"collection":[{"href":"https:\/\/www.sirwozniak.pl\/index.php\/wp-json\/wp\/v2\/pages"}],"about":[{"href":"https:\/\/www.sirwozniak.pl\/index.php\/wp-json\/wp\/v2\/types\/page"}],"author":[{"embeddable":true,"href":"https:\/\/www.sirwozniak.pl\/index.php\/wp-json\/wp\/v2\/users\/1"}],"replies":[{"embeddable":true,"href":"https:\/\/www.sirwozniak.pl\/index.php\/wp-json\/wp\/v2\/comments?post=62"}],"version-history":[{"count":18,"href":"https:\/\/www.sirwozniak.pl\/index.php\/wp-json\/wp\/v2\/pages\/62\/revisions"}],"predecessor-version":[{"id":672,"href":"https:\/\/www.sirwozniak.pl\/index.php\/wp-json\/wp\/v2\/pages\/62\/revisions\/672"}],"wp:attachment":[{"href":"https:\/\/www.sirwozniak.pl\/index.php\/wp-json\/wp\/v2\/media?parent=62"}],"curies":[{"name":"wp","href":"https:\/\/api.w.org\/{rel}","templated":true}]}}