{"id":64,"date":"2021-11-19T14:57:32","date_gmt":"2021-11-19T13:57:32","guid":{"rendered":"https:\/\/www.sirwozniak.pl\/?page_id=64"},"modified":"2022-04-23T17:53:21","modified_gmt":"2022-04-23T15:53:21","slug":"wspinaczka-halowa","status":"publish","type":"page","link":"https:\/\/www.sirwozniak.pl\/index.php\/wspinaczka-halowa\/","title":{"rendered":"Wspinaczka halowa"},"content":{"rendered":"<h2>Wspinaczka halowa<\/h2>\n<p>Wspinaczka niegdy\u015b uwa\u017cana by\u0142a za sport przestrzenny, taki jak \u017ceglarstwo czy szybownictwo. Upowszechnienie i popularyzacja sztucznych \u015bcian wspinaczkowych i zawod\u00f3w wspinaczkowych przesun\u0119\u0142o nieco akcenty w stron\u0119 \u201eboiskowo\u015bci\u201d. W dalszym ci\u0105gu jednak dla znacznej cz\u0119\u015bci wspinaj\u0105cych si\u0119 dzia\u0142alno\u015b\u0107 ta, to co najmniej pasja lub nawet spos\u00f3b na \u017cycie. Alternatyw\u0105 dla naturalnych form skalnych s\u0105 sztuczne obiekty wspinaczkowe, s\u0142u\u017c\u0105ce jako miejsce treningu, a tak\u017ce \u2013 coraz cz\u0119\u015bciej \u2013 areny zawod\u00f3w. Z braku takich miejsc, zainteresowanie wspinaczy wzbudzaj\u0105 r\u00f3wnie\u017c murki, \u015bciany budynk\u00f3w, pomniki, mosty \u2013 ten rodzaj wspinania znany jest jako urban climbing lub buildering.\u00a0<\/p>\n<p><b>Organizujemy odp\u0142atne zaj\u0119cia dla dzieci i m\u0142odzie\u017cy na \u015bciance wspinaczkowej w Zespole Szk\u00f3\u0142 nr 10 w Zabrzu.<br \/>Indywidualnie i w grupach zaawansowania.<br \/>Jeste\u015b zainteresowany???<br \/><\/b><\/p>\n<p>\t\t\t<a href=\"https:\/\/www.sirwozniak.pl\/index.php\/kontakt\/\" role=\"button\"><br \/>\n\t\t\t\t\t\tZapraszamy do kontaktu<br \/>\n\t\t\t\t\t<\/a><br \/>\n\t\t<iframe loading=\"lazy\" title=\"Wspinaczka Halowa Zabrze\" width=\"525\" height=\"295\" src=\"https:\/\/www.youtube.com\/embed\/Rn1bbcHYwYU?feature=oembed\" frameborder=\"0\" allow=\"accelerometer; autoplay; clipboard-write; encrypted-media; gyroscope; picture-in-picture; web-share\" referrerpolicy=\"strict-origin-when-cross-origin\" allowfullscreen><\/iframe><\/p>\n","protected":false},"excerpt":{"rendered":"<p>Wspinaczka halowa Wspinaczka niegdy\u015b uwa\u017cana by\u0142a za sport przestrzenny, taki jak \u017ceglarstwo czy szybownictwo. Upowszechnienie i popularyzacja sztucznych \u015bcian wspinaczkowych i zawod\u00f3w wspinaczkowych przesun\u0119\u0142o nieco akcenty w stron\u0119 \u201eboiskowo\u015bci\u201d. W dalszym ci\u0105gu jednak dla znacznej cz\u0119\u015bci wspinaj\u0105cych si\u0119 dzia\u0142alno\u015b\u0107 ta, to co najmniej pasja lub nawet spos\u00f3b na \u017cycie. Alternatyw\u0105 dla naturalnych form skalnych s\u0105 &hellip; <\/p>\n<p class=\"link-more\"><a href=\"https:\/\/www.sirwozniak.pl\/index.php\/wspinaczka-halowa\/\" class=\"more-link\">Czytaj dalej<span class=\"screen-reader-text\"> \u201eWspinaczka halowa\u201d<\/span><\/a><\/p>\n","protected":false},"author":1,"featured_media":0,"parent":0,"menu_order":0,"comment_status":"closed","ping_status":"closed","template":"elementor_header_footer","meta":{"footnotes":""},"class_list":["post-64","page","type-page","status-publish","hentry"],"aioseo_notices":[],"yoast_head":"<!-- This site is optimized with the Yoast SEO plugin v27.2 - https:\/\/yoast.com\/product\/yoast-seo-wordpress\/ -->\n<title>Wspinaczka halowa - Sport i Rekreacja Wo\u017aniak<\/title>\n<meta name=\"robots\" content=\"index, follow, max-snippet:-1, max-image-preview:large, max-video-preview:-1\" \/>\n<link rel=\"canonical\" href=\"https:\/\/www.sirwozniak.pl\/index.php\/wspinaczka-halowa\/\" \/>\n<meta property=\"og:locale\" content=\"pl_PL\" \/>\n<meta property=\"og:type\" content=\"article\" \/>\n<meta property=\"og:title\" content=\"Wspinaczka halowa - Sport i Rekreacja Wo\u017aniak\" \/>\n<meta property=\"og:description\" content=\"Wspinaczka halowa Wspinaczka niegdy\u015b uwa\u017cana by\u0142a za sport przestrzenny, taki jak \u017ceglarstwo czy szybownictwo. Upowszechnienie i popularyzacja sztucznych \u015bcian wspinaczkowych i zawod\u00f3w wspinaczkowych przesun\u0119\u0142o nieco akcenty w stron\u0119 \u201eboiskowo\u015bci\u201d. W dalszym ci\u0105gu jednak dla znacznej cz\u0119\u015bci wspinaj\u0105cych si\u0119 dzia\u0142alno\u015b\u0107 ta, to co najmniej pasja lub nawet spos\u00f3b na \u017cycie. Alternatyw\u0105 dla naturalnych form skalnych s\u0105 &hellip; Czytaj dalej \u201eWspinaczka halowa\u201d\" \/>\n<meta property=\"og:url\" content=\"https:\/\/www.sirwozniak.pl\/index.php\/wspinaczka-halowa\/\" \/>\n<meta property=\"og:site_name\" content=\"Sport i Rekreacja Wo\u017aniak\" \/>\n<meta property=\"article:modified_time\" content=\"2022-04-23T15:53:21+00:00\" \/>\n<meta name=\"twitter:card\" content=\"summary_large_image\" \/>\n<meta name=\"twitter:label1\" content=\"Szacowany czas czytania\" \/>\n\t<meta name=\"twitter:data1\" content=\"1 minuta\" \/>\n<script type=\"application\/ld+json\" class=\"yoast-schema-graph\">{\"@context\":\"https:\/\/schema.org\",\"@graph\":[{\"@type\":\"WebPage\",\"@id\":\"https:\/\/www.sirwozniak.pl\/index.php\/wspinaczka-halowa\/\",\"url\":\"https:\/\/www.sirwozniak.pl\/index.php\/wspinaczka-halowa\/\",\"name\":\"Wspinaczka halowa - Sport i Rekreacja Wo\u017aniak\",\"isPartOf\":{\"@id\":\"https:\/\/www.sirwozniak.pl\/#website\"},\"datePublished\":\"2021-11-19T13:57:32+00:00\",\"dateModified\":\"2022-04-23T15:53:21+00:00\",\"breadcrumb\":{\"@id\":\"https:\/\/www.sirwozniak.pl\/index.php\/wspinaczka-halowa\/#breadcrumb\"},\"inLanguage\":\"pl-PL\",\"potentialAction\":[{\"@type\":\"ReadAction\",\"target\":[\"https:\/\/www.sirwozniak.pl\/index.php\/wspinaczka-halowa\/\"]}]},{\"@type\":\"BreadcrumbList\",\"@id\":\"https:\/\/www.sirwozniak.pl\/index.php\/wspinaczka-halowa\/#breadcrumb\",\"itemListElement\":[{\"@type\":\"ListItem\",\"position\":1,\"name\":\"Home\",\"item\":\"https:\/\/www.sirwozniak.pl\/\"},{\"@type\":\"ListItem\",\"position\":2,\"name\":\"Wspinaczka halowa\"}]},{\"@type\":\"WebSite\",\"@id\":\"https:\/\/www.sirwozniak.pl\/#website\",\"url\":\"https:\/\/www.sirwozniak.pl\/\",\"name\":\"Sport i Rekreacja Wo\u017aniak\",\"description\":\"Sport i Rekreacja Wo\u017aniak\",\"publisher\":{\"@id\":\"https:\/\/www.sirwozniak.pl\/#organization\"},\"potentialAction\":[{\"@type\":\"SearchAction\",\"target\":{\"@type\":\"EntryPoint\",\"urlTemplate\":\"https:\/\/www.sirwozniak.pl\/?s={search_term_string}\"},\"query-input\":{\"@type\":\"PropertyValueSpecification\",\"valueRequired\":true,\"valueName\":\"search_term_string\"}}],\"inLanguage\":\"pl-PL\"},{\"@type\":\"Organization\",\"@id\":\"https:\/\/www.sirwozniak.pl\/#organization\",\"name\":\"Sport i Rekreacja Wo\u017aniak\",\"url\":\"https:\/\/www.sirwozniak.pl\/\",\"logo\":{\"@type\":\"ImageObject\",\"inLanguage\":\"pl-PL\",\"@id\":\"https:\/\/www.sirwozniak.pl\/#\/schema\/logo\/image\/\",\"url\":\"https:\/\/www.sirwozniak.pl\/wp-content\/uploads\/2021\/11\/cropped-Wozniak-logo.png\",\"contentUrl\":\"https:\/\/www.sirwozniak.pl\/wp-content\/uploads\/2021\/11\/cropped-Wozniak-logo.png\",\"width\":1047,\"height\":846,\"caption\":\"Sport i Rekreacja Wo\u017aniak\"},\"image\":{\"@id\":\"https:\/\/www.sirwozniak.pl\/#\/schema\/logo\/image\/\"}}]}<\/script>\n<!-- \/ Yoast SEO plugin. -->","yoast_head_json":{"title":"Wspinaczka halowa - Sport i Rekreacja Wo\u017aniak","robots":{"index":"index","follow":"follow","max-snippet":"max-snippet:-1","max-image-preview":"max-image-preview:large","max-video-preview":"max-video-preview:-1"},"canonical":"https:\/\/www.sirwozniak.pl\/index.php\/wspinaczka-halowa\/","og_locale":"pl_PL","og_type":"article","og_title":"Wspinaczka halowa - Sport i Rekreacja Wo\u017aniak","og_description":"Wspinaczka halowa Wspinaczka niegdy\u015b uwa\u017cana by\u0142a za sport przestrzenny, taki jak \u017ceglarstwo czy szybownictwo. Upowszechnienie i popularyzacja sztucznych \u015bcian wspinaczkowych i zawod\u00f3w wspinaczkowych przesun\u0119\u0142o nieco akcenty w stron\u0119 \u201eboiskowo\u015bci\u201d. W dalszym ci\u0105gu jednak dla znacznej cz\u0119\u015bci wspinaj\u0105cych si\u0119 dzia\u0142alno\u015b\u0107 ta, to co najmniej pasja lub nawet spos\u00f3b na \u017cycie. Alternatyw\u0105 dla naturalnych form skalnych s\u0105 &hellip; Czytaj dalej \u201eWspinaczka halowa\u201d","og_url":"https:\/\/www.sirwozniak.pl\/index.php\/wspinaczka-halowa\/","og_site_name":"Sport i Rekreacja Wo\u017aniak","article_modified_time":"2022-04-23T15:53:21+00:00","twitter_card":"summary_large_image","twitter_misc":{"Szacowany czas czytania":"1 minuta"},"schema":{"@context":"https:\/\/schema.org","@graph":[{"@type":"WebPage","@id":"https:\/\/www.sirwozniak.pl\/index.php\/wspinaczka-halowa\/","url":"https:\/\/www.sirwozniak.pl\/index.php\/wspinaczka-halowa\/","name":"Wspinaczka halowa - Sport i Rekreacja Wo\u017aniak","isPartOf":{"@id":"https:\/\/www.sirwozniak.pl\/#website"},"datePublished":"2021-11-19T13:57:32+00:00","dateModified":"2022-04-23T15:53:21+00:00","breadcrumb":{"@id":"https:\/\/www.sirwozniak.pl\/index.php\/wspinaczka-halowa\/#breadcrumb"},"inLanguage":"pl-PL","potentialAction":[{"@type":"ReadAction","target":["https:\/\/www.sirwozniak.pl\/index.php\/wspinaczka-halowa\/"]}]},{"@type":"BreadcrumbList","@id":"https:\/\/www.sirwozniak.pl\/index.php\/wspinaczka-halowa\/#breadcrumb","itemListElement":[{"@type":"ListItem","position":1,"name":"Home","item":"https:\/\/www.sirwozniak.pl\/"},{"@type":"ListItem","position":2,"name":"Wspinaczka halowa"}]},{"@type":"WebSite","@id":"https:\/\/www.sirwozniak.pl\/#website","url":"https:\/\/www.sirwozniak.pl\/","name":"Sport i Rekreacja Wo\u017aniak","description":"Sport i Rekreacja Wo\u017aniak","publisher":{"@id":"https:\/\/www.sirwozniak.pl\/#organization"},"potentialAction":[{"@type":"SearchAction","target":{"@type":"EntryPoint","urlTemplate":"https:\/\/www.sirwozniak.pl\/?s={search_term_string}"},"query-input":{"@type":"PropertyValueSpecification","valueRequired":true,"valueName":"search_term_string"}}],"inLanguage":"pl-PL"},{"@type":"Organization","@id":"https:\/\/www.sirwozniak.pl\/#organization","name":"Sport i Rekreacja Wo\u017aniak","url":"https:\/\/www.sirwozniak.pl\/","logo":{"@type":"ImageObject","inLanguage":"pl-PL","@id":"https:\/\/www.sirwozniak.pl\/#\/schema\/logo\/image\/","url":"https:\/\/www.sirwozniak.pl\/wp-content\/uploads\/2021\/11\/cropped-Wozniak-logo.png","contentUrl":"https:\/\/www.sirwozniak.pl\/wp-content\/uploads\/2021\/11\/cropped-Wozniak-logo.png","width":1047,"height":846,"caption":"Sport i Rekreacja Wo\u017aniak"},"image":{"@id":"https:\/\/www.sirwozniak.pl\/#\/schema\/logo\/image\/"}}]}},"_links":{"self":[{"href":"https:\/\/www.sirwozniak.pl\/index.php\/wp-json\/wp\/v2\/pages\/64","targetHints":{"allow":["GET"]}}],"collection":[{"href":"https:\/\/www.sirwozniak.pl\/index.php\/wp-json\/wp\/v2\/pages"}],"about":[{"href":"https:\/\/www.sirwozniak.pl\/index.php\/wp-json\/wp\/v2\/types\/page"}],"author":[{"embeddable":true,"href":"https:\/\/www.sirwozniak.pl\/index.php\/wp-json\/wp\/v2\/users\/1"}],"replies":[{"embeddable":true,"href":"https:\/\/www.sirwozniak.pl\/index.php\/wp-json\/wp\/v2\/comments?post=64"}],"version-history":[{"count":20,"href":"https:\/\/www.sirwozniak.pl\/index.php\/wp-json\/wp\/v2\/pages\/64\/revisions"}],"predecessor-version":[{"id":608,"href":"https:\/\/www.sirwozniak.pl\/index.php\/wp-json\/wp\/v2\/pages\/64\/revisions\/608"}],"wp:attachment":[{"href":"https:\/\/www.sirwozniak.pl\/index.php\/wp-json\/wp\/v2\/media?parent=64"}],"curies":[{"name":"wp","href":"https:\/\/api.w.org\/{rel}","templated":true}]}}